{"id":344,"date":"2024-12-29T23:46:42","date_gmt":"2024-12-29T23:46:42","guid":{"rendered":"https:\/\/personalinsight.org\/?page_id=344"},"modified":"2024-12-30T00:02:32","modified_gmt":"2024-12-30T00:02:32","slug":"couples-counselling-in-southampton","status":"publish","type":"page","link":"https:\/\/personalinsight.org\/pl\/couples-counselling-in-southampton\/","title":{"rendered":"Terapia par w Southampton"},"content":{"rendered":"<h2 class=\"wp-block-heading\" id=\"h-transform-your-relationship-with-proven-therapies\">Popraw jako\u015b\u0107 swojego zwi\u0105zku z pomoc\u0105 specjalisty<\/h2>\n\n\n\n<p>Relationships can be challenging at times, and it\u2019s not uncommon for couples to feel stuck in patterns of conflict or miscommunication. In my couples counselling sessions, I draw on several evidence-based approaches, including:<\/p>\n\n\n\n<ul class=\"wp-block-list\">\n<li><strong>Imago Relationship Therapy<\/strong>&nbsp;\u2013 helping you and your partner understand the unconscious factors that influence relationship patterns, and working on communication that fosters empathy and connection.<\/li>\n\n\n\n<li><strong>Gottman Method<\/strong>&nbsp;\u2013 based on extensive research into what makes relationships succeed, this approach focuses on improving conflict resolution, enhancing intimacy, and building deeper feelings of affection and appreciation.<\/li>\n\n\n\n<li><strong>Emotionally Focused Therapy (EFT)<\/strong>&nbsp;\u2013 aimed at identifying and transforming unhelpful emotional responses, improving attachment, and fostering a stronger emotional bond.<\/li>\n\n\n\n<li><strong>Brief Strategic Family Therapy (BSFT)<\/strong>&nbsp;\u2013 a short-term, practical approach that addresses ongoing issues quickly and provides concrete steps for moving forward.<\/li>\n<\/ul>\n\n\n\n<p>I have been successfully offering couples a safe, neutral space where both partners feel heard and valued, to equip both partners with tools to communicate effectively and rebuild trust.<\/p>\n\n\n\n<p><strong>Ready to take the next step?<\/strong><\/p>\n\n\n\n<p>If you have questions about any of these therapies\u2014be it\u00a0<a href=\"https:\/\/personalinsight.org\/pl\/dbt\/\">DBT<\/a>,\u00a0<a href=\"https:\/\/personalinsight.org\/pl\/couples-counselling-in-southampton\/\">couples counselling<\/a>, or support for specific challenges such as\u00a0<a href=\"https:\/\/personalinsight.org\/pl\/fighting-dissociation-derealisation-and-depersonalisation\/\">dissociation<\/a>, <a href=\"https:\/\/personalinsight.org\/pl\/dealing-with-social-phobias-social-anxiety\/\">social phobia<\/a>, or neurodiversity\u2014<a href=\"https:\/\/personalinsight.org\/pl\/contact\/\">please feel free to reach out.<\/a>\u00a0I offer a\u00a0<a href=\"https:\/\/personalinsight.org\/pl\/fees\/\">darmowa konsultacja wst\u0119pna<\/a>, where we can discuss your circumstances and decide on the best path forward together. You don\u2019t have to face your struggles alone; I\u2019m here to help you navigate through life\u2019s challenges and find meaningful ways to move ahead, so\u00a0<a href=\"https:\/\/personalinsight.org\/pl\/contact\/\">contact me now.<\/a><\/p>","protected":false},"excerpt":{"rendered":"<p>Transform Your Relationship with Proven Therapies Relationships can be challenging at times, and it\u2019s not uncommon for couples to feel stuck in patterns of conflict [&hellip;]<\/p>\n","protected":false},"author":1,"featured_media":0,"parent":0,"menu_order":0,"comment_status":"closed","ping_status":"closed","template":"","meta":{"_themeisle_gutenberg_block_has_review":false,"footnotes":""},"class_list":["post-344","page","type-page","status-publish","hentry"],"yoast_head":"<!-- This site is optimized with the Yoast SEO Premium plugin v24.9 (Yoast SEO v27.6) - https:\/\/yoast.com\/product\/yoast-seo-premium-wordpress\/ -->\n<title>Couples Counselling in Southampton - Personal Insight Counselling | Dr Mike Hoffman<\/title>\n<meta name=\"robots\" content=\"index, follow, max-snippet:-1, max-image-preview:large, max-video-preview:-1\" \/>\n<link rel=\"canonical\" href=\"https:\/\/personalinsight.org\/pl\/couples-counselling-in-southampton\/\" \/>\n<meta property=\"og:locale\" content=\"pl_PL\" \/>\n<meta property=\"og:type\" content=\"article\" \/>\n<meta property=\"og:title\" content=\"Couples Counselling in Southampton\" \/>\n<meta property=\"og:description\" content=\"Transform Your Relationship with Proven Therapies Relationships can be challenging at times, and it\u2019s not uncommon for couples to feel stuck in patterns of conflict [&hellip;]\" \/>\n<meta property=\"og:url\" content=\"https:\/\/personalinsight.org\/pl\/couples-counselling-in-southampton\/\" \/>\n<meta property=\"og:site_name\" content=\"Personal Insight Counselling | Dr Mike Hoffman\" \/>\n<meta property=\"article:modified_time\" content=\"2024-12-30T00:02:32+00:00\" \/>\n<meta name=\"twitter:card\" content=\"summary_large_image\" \/>\n<meta name=\"twitter:label1\" content=\"Szacowany czas czytania\" \/>\n\t<meta name=\"twitter:data1\" content=\"1 minuta\" \/>\n<script type=\"application\/ld+json\" class=\"yoast-schema-graph\">{\"@context\":\"https:\\\/\\\/schema.org\",\"@graph\":[{\"@type\":\"WebPage\",\"@id\":\"https:\\\/\\\/personalinsight.org\\\/couples-counselling-in-southampton\\\/\",\"url\":\"https:\\\/\\\/personalinsight.org\\\/couples-counselling-in-southampton\\\/\",\"name\":\"Couples Counselling in Southampton - Personal Insight Counselling | Dr Mike Hoffman\",\"isPartOf\":{\"@id\":\"https:\\\/\\\/personalinsight.org\\\/#website\"},\"datePublished\":\"2024-12-29T23:46:42+00:00\",\"dateModified\":\"2024-12-30T00:02:32+00:00\",\"breadcrumb\":{\"@id\":\"https:\\\/\\\/personalinsight.org\\\/couples-counselling-in-southampton\\\/#breadcrumb\"},\"inLanguage\":\"pl-PL\",\"potentialAction\":[{\"@type\":\"ReadAction\",\"target\":[\"https:\\\/\\\/personalinsight.org\\\/couples-counselling-in-southampton\\\/\"]}]},{\"@type\":\"BreadcrumbList\",\"@id\":\"https:\\\/\\\/personalinsight.org\\\/couples-counselling-in-southampton\\\/#breadcrumb\",\"itemListElement\":[{\"@type\":\"ListItem\",\"position\":1,\"name\":\"Home\",\"item\":\"https:\\\/\\\/personalinsight.org\\\/\"},{\"@type\":\"ListItem\",\"position\":2,\"name\":\"Couples Counselling in Southampton\"}]},{\"@type\":\"WebSite\",\"@id\":\"https:\\\/\\\/personalinsight.org\\\/#website\",\"url\":\"https:\\\/\\\/personalinsight.org\\\/\",\"name\":\"Personal Insight Counselling | Dr Mike Hoffman\",\"description\":\"Your trusted therapist in Southampton\",\"publisher\":{\"@id\":\"https:\\\/\\\/personalinsight.org\\\/#\\\/schema\\\/person\\\/b41e2adce3bfd8a3fb1acbd0cb873008\"},\"potentialAction\":[{\"@type\":\"SearchAction\",\"target\":{\"@type\":\"EntryPoint\",\"urlTemplate\":\"https:\\\/\\\/personalinsight.org\\\/?s={search_term_string}\"},\"query-input\":{\"@type\":\"PropertyValueSpecification\",\"valueRequired\":true,\"valueName\":\"search_term_string\"}}],\"inLanguage\":\"pl-PL\"},{\"@type\":[\"Person\",\"Organization\"],\"@id\":\"https:\\\/\\\/personalinsight.org\\\/#\\\/schema\\\/person\\\/b41e2adce3bfd8a3fb1acbd0cb873008\",\"name\":\"Dr Mike Hoffman\",\"image\":{\"@type\":\"ImageObject\",\"inLanguage\":\"pl-PL\",\"@id\":\"https:\\\/\\\/personalinsight.org\\\/wp-content\\\/uploads\\\/2024\\\/10\\\/IMG_20241031_010926.png\",\"url\":\"https:\\\/\\\/personalinsight.org\\\/wp-content\\\/uploads\\\/2024\\\/10\\\/IMG_20241031_010926.png\",\"contentUrl\":\"https:\\\/\\\/personalinsight.org\\\/wp-content\\\/uploads\\\/2024\\\/10\\\/IMG_20241031_010926.png\",\"width\":676,\"height\":245,\"caption\":\"Dr Mike Hoffman\"},\"logo\":{\"@id\":\"https:\\\/\\\/personalinsight.org\\\/wp-content\\\/uploads\\\/2024\\\/10\\\/IMG_20241031_010926.png\"},\"sameAs\":[\"http:\\\/\\\/personalinsight.org\"]}]}<\/script>\n<!-- \/ Yoast SEO Premium plugin. -->","yoast_head_json":{"title":"Couples Counselling in Southampton - Personal Insight Counselling | Dr Mike Hoffman","robots":{"index":"index","follow":"follow","max-snippet":"max-snippet:-1","max-image-preview":"max-image-preview:large","max-video-preview":"max-video-preview:-1"},"canonical":"https:\/\/personalinsight.org\/pl\/couples-counselling-in-southampton\/","og_locale":"pl_PL","og_type":"article","og_title":"Couples Counselling in Southampton","og_description":"Transform Your Relationship with Proven Therapies Relationships can be challenging at times, and it\u2019s not uncommon for couples to feel stuck in patterns of conflict [&hellip;]","og_url":"https:\/\/personalinsight.org\/pl\/couples-counselling-in-southampton\/","og_site_name":"Personal Insight Counselling | Dr Mike Hoffman","article_modified_time":"2024-12-30T00:02:32+00:00","twitter_card":"summary_large_image","twitter_misc":{"Szacowany czas czytania":"1 minuta"},"schema":{"@context":"https:\/\/schema.org","@graph":[{"@type":"WebPage","@id":"https:\/\/personalinsight.org\/couples-counselling-in-southampton\/","url":"https:\/\/personalinsight.org\/couples-counselling-in-southampton\/","name":"Couples Counselling in Southampton - Personal Insight Counselling | Dr Mike Hoffman","isPartOf":{"@id":"https:\/\/personalinsight.org\/#website"},"datePublished":"2024-12-29T23:46:42+00:00","dateModified":"2024-12-30T00:02:32+00:00","breadcrumb":{"@id":"https:\/\/personalinsight.org\/couples-counselling-in-southampton\/#breadcrumb"},"inLanguage":"pl-PL","potentialAction":[{"@type":"ReadAction","target":["https:\/\/personalinsight.org\/couples-counselling-in-southampton\/"]}]},{"@type":"BreadcrumbList","@id":"https:\/\/personalinsight.org\/couples-counselling-in-southampton\/#breadcrumb","itemListElement":[{"@type":"ListItem","position":1,"name":"Home","item":"https:\/\/personalinsight.org\/"},{"@type":"ListItem","position":2,"name":"Couples Counselling in Southampton"}]},{"@type":"WebSite","@id":"https:\/\/personalinsight.org\/#website","url":"https:\/\/personalinsight.org\/","name":"Personal Insight Counselling | Dr Mike Hoffman","description":"Zaufany polski terapeuta w Southampton","publisher":{"@id":"https:\/\/personalinsight.org\/#\/schema\/person\/b41e2adce3bfd8a3fb1acbd0cb873008"},"potentialAction":[{"@type":"SearchAction","target":{"@type":"EntryPoint","urlTemplate":"https:\/\/personalinsight.org\/?s={search_term_string}"},"query-input":{"@type":"PropertyValueSpecification","valueRequired":true,"valueName":"search_term_string"}}],"inLanguage":"pl-PL"},{"@type":["Person","Organization"],"@id":"https:\/\/personalinsight.org\/#\/schema\/person\/b41e2adce3bfd8a3fb1acbd0cb873008","name":"Dr Mike Hoffman","image":{"@type":"ImageObject","inLanguage":"pl-PL","@id":"https:\/\/personalinsight.org\/wp-content\/uploads\/2024\/10\/IMG_20241031_010926.png","url":"https:\/\/personalinsight.org\/wp-content\/uploads\/2024\/10\/IMG_20241031_010926.png","contentUrl":"https:\/\/personalinsight.org\/wp-content\/uploads\/2024\/10\/IMG_20241031_010926.png","width":676,"height":245,"caption":"Dr Mike Hoffman"},"logo":{"@id":"https:\/\/personalinsight.org\/wp-content\/uploads\/2024\/10\/IMG_20241031_010926.png"},"sameAs":["http:\/\/personalinsight.org"]}]}},"jetpack_sharing_enabled":true,"_links":{"self":[{"href":"https:\/\/personalinsight.org\/pl\/wp-json\/wp\/v2\/pages\/344","targetHints":{"allow":["GET"]}}],"collection":[{"href":"https:\/\/personalinsight.org\/pl\/wp-json\/wp\/v2\/pages"}],"about":[{"href":"https:\/\/personalinsight.org\/pl\/wp-json\/wp\/v2\/types\/page"}],"author":[{"embeddable":true,"href":"https:\/\/personalinsight.org\/pl\/wp-json\/wp\/v2\/users\/1"}],"replies":[{"embeddable":true,"href":"https:\/\/personalinsight.org\/pl\/wp-json\/wp\/v2\/comments?post=344"}],"version-history":[{"count":2,"href":"https:\/\/personalinsight.org\/pl\/wp-json\/wp\/v2\/pages\/344\/revisions"}],"predecessor-version":[{"id":357,"href":"https:\/\/personalinsight.org\/pl\/wp-json\/wp\/v2\/pages\/344\/revisions\/357"}],"wp:attachment":[{"href":"https:\/\/personalinsight.org\/pl\/wp-json\/wp\/v2\/media?parent=344"}],"curies":[{"name":"wp","href":"https:\/\/api.w.org\/{rel}","templated":true}]}}